{"id":3,"date":"2020-01-08T14:48:21","date_gmt":"2020-01-08T14:48:21","guid":{"rendered":"https:\/\/www.bernhard-neubauer.at\/?page_id=3"},"modified":"2026-02-22T11:02:18","modified_gmt":"2026-02-22T11:02:18","slug":"privacy-policy","status":"publish","type":"page","link":"https:\/\/www.bernhard-neubauer.at\/?page_id=3","title":{"rendered":"Datenschutz-Erkl\u00e4rung"},"content":{"rendered":"\n<p>Angaben gem\u00e4\u00df \u00a7 5 ECG \/ \u00a7 63 GewO \/ \u00a7 25 Mediengesetz:<\/p>\n\n\n\n<p>Bernhard Neubauer<br>Heilmassage &amp; Qigong<br>Schillinghofstra\u00dfe 44<br>5023 Salzburg-Gnigl<br>\u00d6sterreich<\/p>\n\n\n\n<p>Kontakt:<br>Telefon: +43 660 4886997<br>E-Mail: info@bernhard-neubauer.at<\/p>\n\n\n\n<p>Berufsbezeichnung:<br>Heilmasseur (verliehen in \u00d6sterreich)<\/p>\n\n\n\n<p>Aufsichtsbeh\u00f6rde:<br>Magistrat der Stadt Salzburg<\/p>\n\n\n\n<p>Mitglied der Wirtschaftskammer Salzburg<br>Fachgruppe Massage<\/p>\n\n\n\n<p>Haftungsausschluss:<br>Trotz sorgf\u00e4ltiger inhaltlicher Kontrolle \u00fcbernehme ich keine Haftung f\u00fcr die Inhalte externer Links. F\u00fcr den Inhalt der verlinkten Seiten sind ausschlie\u00dflich deren Betreiber verantwortlich.<\/p>\n\n\n\n<p>Urheberrecht:<br>Alle Inhalte dieser Website (Texte, Fotos, Layout) unterliegen dem Urheberrecht. Eine Verwendung ohne ausdr\u00fcckliche Genehmigung ist nicht gestattet.<br><br><\/p>\n\n\n\n<p>Datenschutzerkl\u00e4rung<\/p>\n\n\n\n<p>Der Schutz Ihrer pers\u00f6nlichen Daten ist mir ein besonderes Anliegen. Ich verarbeite Ihre Daten daher ausschlie\u00dflich auf Grundlage der gesetzlichen Bestimmungen (DSGVO, TKG 2003). In dieser Datenschutzerkl\u00e4rung informiere ich Sie \u00fcber die wichtigsten Aspekte der Datenverarbeitung im Rahmen meiner Website.<\/p>\n\n\n\n<ol class=\"wp-block-list\">\n<li>Kontakt mit mir<br>Wenn Sie per Formular auf der Website oder per E-Mail Kontakt mit mir aufnehmen, werden Ihre angegebenen Daten zwecks Bearbeitung der Anfrage und f\u00fcr den Fall von Anschlussfragen sechs Monate bei mir gespeichert. Diese Daten gebe ich nicht ohne Ihre Einwilligung weiter.<\/li>\n\n\n\n<li>Datenspeicherung<br>Ich weise darauf hin, dass zum Zweck der einfacheren Kontaktaufnahme und sp\u00e4teren Vertragsabwicklung im Rahmen von Cookies die IP-Daten des Anschlussinhabers gespeichert werden k\u00f6nnten. Dar\u00fcber hinaus werden von mir keinerlei personenbezogene Daten \u00fcber die Website erhoben oder gespeichert, es sei denn, Sie geben diese freiwillig ein (z. B. im Kontaktformular).<\/li>\n\n\n\n<li>Cookies<br>Meine Website verwendet sogenannte Cookies. Dabei handelt es sich um kleine Textdateien, die mit Hilfe des Browsers auf Ihrem Endger\u00e4t abgelegt werden. Sie richten keinen Schaden an. Ich nutze Cookies dazu, mein Angebot nutzerfreundlich zu gestalten. Einige Cookies bleiben auf Ihrem Endger\u00e4t gespeichert, bis Sie diese l\u00f6schen. Sie erm\u00f6glichen es mir, Ihren Browser beim n\u00e4chsten Besuch wiederzuerkennen.<br>Wenn Sie dies nicht w\u00fcnschen, k\u00f6nnen Sie Ihren Browser so einrichten, dass er Sie \u00fcber das Setzen von Cookies informiert und Sie dies nur im Einzelfall erlauben. Bei der Deaktivierung von Cookies kann die Funktionalit\u00e4t meiner Website eingeschr\u00e4nkt sein.<\/li>\n\n\n\n<li>Web-Analyse<br>Meine Website verwendet keine Analyse-Tools (z. B. Google Analytics) und erstellt keine Nutzungsprofile.<\/li>\n\n\n\n<li>Ihre Rechte<br>Ihnen stehen grunds\u00e4tzlich die Rechte auf Auskunft, Berichtigung, L\u00f6schung, Einschr\u00e4nkung, Daten\u00fcbertragbarkeit, Widerruf und Widerspruch zu. Wenn Sie glauben, dass die Verarbeitung Ihrer Daten gegen das Datenschutzrecht verst\u00f6\u00dft oder Ihre datenschutzrechtlichen Anspr\u00fcche sonst in einer Weise verletzt worden sind, k\u00f6nnen Sie sich bei der Aufsichtsbeh\u00f6rde beschweren. In \u00d6sterreich ist dies die Datenschutzbeh\u00f6rde.<\/li>\n\n\n\n<li>Kontakt<br>Bernhard Neubauer<br>Heilmassage &amp; Qigong<br>Schillinghofstra\u00dfe 44<br>5023 Salzburg-Gnigl<br>Telefon: +43 660 4886997<br>E-Mail: info@bernhard-neubauer.at<\/li>\n<\/ol>\n\n\n\n<p>Stand: November 2025<\/p>\n","protected":false},"excerpt":{"rendered":"<p>Angaben gem\u00e4\u00df \u00a7 5 ECG \/ \u00a7 63 GewO \/ \u00a7 25 Mediengesetz: Bernhard NeubauerHeilmassage &amp; QigongSchillinghofstra\u00dfe 445023 Salzburg-Gnigl\u00d6sterreich Kontakt:Telefon: +43 660 4886997E-Mail: info@bernhard-neubauer.at Berufsbezeichnung:Heilmasseur (verliehen in \u00d6sterreich) Aufsichtsbeh\u00f6rde:Magistrat der Stadt Salzburg Mitglied der Wirtschaftskammer SalzburgFachgruppe Massage Haftungsausschluss:Trotz sorgf\u00e4ltiger inhaltlicher Kontrolle \u00fcbernehme ich keine Haftung f\u00fcr die Inhalte externer Links. F\u00fcr den Inhalt der verlinkten [&hellip;]<\/p>\n","protected":false},"author":1,"featured_media":0,"parent":0,"menu_order":0,"comment_status":"closed","ping_status":"closed","template":"","meta":{"_coblocks_attr":"","_coblocks_dimensions":"","_coblocks_responsive_height":"","_coblocks_accordion_ie_support":"","hide_page_title":"","footnotes":""},"class_list":["post-3","page","type-page","status-publish","hentry"],"yoast_head":"<!-- This site is optimized with the Yoast SEO plugin v26.9 - https:\/\/yoast.com\/product\/yoast-seo-wordpress\/ -->\n<title>Datenschutz-Erkl\u00e4rung - Heilmassage | Qi Gong | Kampfkunst<\/title>\n<meta name=\"robots\" content=\"noindex, follow, max-snippet:-1, max-image-preview:large, max-video-preview:-1\" \/>\n<meta property=\"og:locale\" content=\"de_DE\" \/>\n<meta property=\"og:type\" content=\"article\" \/>\n<meta property=\"og:title\" content=\"Datenschutz-Erkl\u00e4rung - Heilmassage | Qi Gong | Kampfkunst\" \/>\n<meta property=\"og:description\" content=\"Angaben gem\u00e4\u00df \u00a7 5 ECG \/ \u00a7 63 GewO \/ \u00a7 25 Mediengesetz: Bernhard NeubauerHeilmassage &amp; QigongSchillinghofstra\u00dfe 445023 Salzburg-Gnigl\u00d6sterreich Kontakt:Telefon: +43 660 4886997E-Mail: info@bernhard-neubauer.at Berufsbezeichnung:Heilmasseur (verliehen in \u00d6sterreich) Aufsichtsbeh\u00f6rde:Magistrat der Stadt Salzburg Mitglied der Wirtschaftskammer SalzburgFachgruppe Massage Haftungsausschluss:Trotz sorgf\u00e4ltiger inhaltlicher Kontrolle \u00fcbernehme ich keine Haftung f\u00fcr die Inhalte externer Links. F\u00fcr den Inhalt der verlinkten [&hellip;]\" \/>\n<meta property=\"og:url\" content=\"https:\/\/www.bernhard-neubauer.at\/?page_id=3\" \/>\n<meta property=\"og:site_name\" content=\"Heilmassage | Qi Gong | Kampfkunst\" \/>\n<meta property=\"article:modified_time\" content=\"2026-02-22T11:02:18+00:00\" \/>\n<meta name=\"twitter:card\" content=\"summary_large_image\" \/>\n<meta name=\"twitter:label1\" content=\"Gesch\u00e4tzte Lesezeit\" \/>\n\t<meta name=\"twitter:data1\" content=\"2\u00a0Minuten\" \/>\n<script type=\"application\/ld+json\" class=\"yoast-schema-graph\">{\"@context\":\"https:\/\/schema.org\",\"@graph\":[{\"@type\":\"WebPage\",\"@id\":\"https:\/\/www.bernhard-neubauer.at\/?page_id=3\",\"url\":\"https:\/\/www.bernhard-neubauer.at\/?page_id=3\",\"name\":\"Datenschutz-Erkl\u00e4rung - Heilmassage | Qi Gong | Kampfkunst\",\"isPartOf\":{\"@id\":\"https:\/\/www.bernhard-neubauer.at\/#website\"},\"datePublished\":\"2020-01-08T14:48:21+00:00\",\"dateModified\":\"2026-02-22T11:02:18+00:00\",\"breadcrumb\":{\"@id\":\"https:\/\/www.bernhard-neubauer.at\/?page_id=3#breadcrumb\"},\"inLanguage\":\"de\",\"potentialAction\":[{\"@type\":\"ReadAction\",\"target\":[\"https:\/\/www.bernhard-neubauer.at\/?page_id=3\"]}]},{\"@type\":\"BreadcrumbList\",\"@id\":\"https:\/\/www.bernhard-neubauer.at\/?page_id=3#breadcrumb\",\"itemListElement\":[{\"@type\":\"ListItem\",\"position\":1,\"name\":\"Home\",\"item\":\"https:\/\/www.bernhard-neubauer.at\/\"},{\"@type\":\"ListItem\",\"position\":2,\"name\":\"Datenschutz-Erkl\u00e4rung\"}]},{\"@type\":\"WebSite\",\"@id\":\"https:\/\/www.bernhard-neubauer.at\/#website\",\"url\":\"https:\/\/www.bernhard-neubauer.at\/\",\"name\":\"Bernhard Neubauer\",\"description\":\"Bernhard Neubauer\",\"publisher\":{\"@id\":\"https:\/\/www.bernhard-neubauer.at\/#\/schema\/person\/56dffa03ebb87c0e65354962b9f29c79\"},\"potentialAction\":[{\"@type\":\"SearchAction\",\"target\":{\"@type\":\"EntryPoint\",\"urlTemplate\":\"https:\/\/www.bernhard-neubauer.at\/?s={search_term_string}\"},\"query-input\":{\"@type\":\"PropertyValueSpecification\",\"valueRequired\":true,\"valueName\":\"search_term_string\"}}],\"inLanguage\":\"de\"},{\"@type\":[\"Person\",\"Organization\"],\"@id\":\"https:\/\/www.bernhard-neubauer.at\/#\/schema\/person\/56dffa03ebb87c0e65354962b9f29c79\",\"name\":\"admin\",\"image\":{\"@type\":\"ImageObject\",\"inLanguage\":\"de\",\"@id\":\"https:\/\/www.bernhard-neubauer.at\/#\/schema\/person\/image\/\",\"url\":\"https:\/\/secure.gravatar.com\/avatar\/e1c267620326390011353b183247cc787fb697dd225f330432b7f48832555d3a?s=96&d=mm&r=g\",\"contentUrl\":\"https:\/\/secure.gravatar.com\/avatar\/e1c267620326390011353b183247cc787fb697dd225f330432b7f48832555d3a?s=96&d=mm&r=g\",\"caption\":\"admin\"},\"logo\":{\"@id\":\"https:\/\/www.bernhard-neubauer.at\/#\/schema\/person\/image\/\"}}]}<\/script>\n<!-- \/ Yoast SEO plugin. -->","yoast_head_json":{"title":"Datenschutz-Erkl\u00e4rung - Heilmassage | Qi Gong | Kampfkunst","robots":{"index":"noindex","follow":"follow","max-snippet":"max-snippet:-1","max-image-preview":"max-image-preview:large","max-video-preview":"max-video-preview:-1"},"og_locale":"de_DE","og_type":"article","og_title":"Datenschutz-Erkl\u00e4rung - Heilmassage | Qi Gong | Kampfkunst","og_description":"Angaben gem\u00e4\u00df \u00a7 5 ECG \/ \u00a7 63 GewO \/ \u00a7 25 Mediengesetz: Bernhard NeubauerHeilmassage &amp; QigongSchillinghofstra\u00dfe 445023 Salzburg-Gnigl\u00d6sterreich Kontakt:Telefon: +43 660 4886997E-Mail: info@bernhard-neubauer.at Berufsbezeichnung:Heilmasseur (verliehen in \u00d6sterreich) Aufsichtsbeh\u00f6rde:Magistrat der Stadt Salzburg Mitglied der Wirtschaftskammer SalzburgFachgruppe Massage Haftungsausschluss:Trotz sorgf\u00e4ltiger inhaltlicher Kontrolle \u00fcbernehme ich keine Haftung f\u00fcr die Inhalte externer Links. F\u00fcr den Inhalt der verlinkten [&hellip;]","og_url":"https:\/\/www.bernhard-neubauer.at\/?page_id=3","og_site_name":"Heilmassage | Qi Gong | Kampfkunst","article_modified_time":"2026-02-22T11:02:18+00:00","twitter_card":"summary_large_image","twitter_misc":{"Gesch\u00e4tzte Lesezeit":"2\u00a0Minuten"},"schema":{"@context":"https:\/\/schema.org","@graph":[{"@type":"WebPage","@id":"https:\/\/www.bernhard-neubauer.at\/?page_id=3","url":"https:\/\/www.bernhard-neubauer.at\/?page_id=3","name":"Datenschutz-Erkl\u00e4rung - Heilmassage | Qi Gong | Kampfkunst","isPartOf":{"@id":"https:\/\/www.bernhard-neubauer.at\/#website"},"datePublished":"2020-01-08T14:48:21+00:00","dateModified":"2026-02-22T11:02:18+00:00","breadcrumb":{"@id":"https:\/\/www.bernhard-neubauer.at\/?page_id=3#breadcrumb"},"inLanguage":"de","potentialAction":[{"@type":"ReadAction","target":["https:\/\/www.bernhard-neubauer.at\/?page_id=3"]}]},{"@type":"BreadcrumbList","@id":"https:\/\/www.bernhard-neubauer.at\/?page_id=3#breadcrumb","itemListElement":[{"@type":"ListItem","position":1,"name":"Home","item":"https:\/\/www.bernhard-neubauer.at\/"},{"@type":"ListItem","position":2,"name":"Datenschutz-Erkl\u00e4rung"}]},{"@type":"WebSite","@id":"https:\/\/www.bernhard-neubauer.at\/#website","url":"https:\/\/www.bernhard-neubauer.at\/","name":"Bernhard Neubauer","description":"Bernhard Neubauer","publisher":{"@id":"https:\/\/www.bernhard-neubauer.at\/#\/schema\/person\/56dffa03ebb87c0e65354962b9f29c79"},"potentialAction":[{"@type":"SearchAction","target":{"@type":"EntryPoint","urlTemplate":"https:\/\/www.bernhard-neubauer.at\/?s={search_term_string}"},"query-input":{"@type":"PropertyValueSpecification","valueRequired":true,"valueName":"search_term_string"}}],"inLanguage":"de"},{"@type":["Person","Organization"],"@id":"https:\/\/www.bernhard-neubauer.at\/#\/schema\/person\/56dffa03ebb87c0e65354962b9f29c79","name":"admin","image":{"@type":"ImageObject","inLanguage":"de","@id":"https:\/\/www.bernhard-neubauer.at\/#\/schema\/person\/image\/","url":"https:\/\/secure.gravatar.com\/avatar\/e1c267620326390011353b183247cc787fb697dd225f330432b7f48832555d3a?s=96&d=mm&r=g","contentUrl":"https:\/\/secure.gravatar.com\/avatar\/e1c267620326390011353b183247cc787fb697dd225f330432b7f48832555d3a?s=96&d=mm&r=g","caption":"admin"},"logo":{"@id":"https:\/\/www.bernhard-neubauer.at\/#\/schema\/person\/image\/"}}]}},"_links":{"self":[{"href":"https:\/\/www.bernhard-neubauer.at\/index.php?rest_route=\/wp\/v2\/pages\/3","targetHints":{"allow":["GET"]}}],"collection":[{"href":"https:\/\/www.bernhard-neubauer.at\/index.php?rest_route=\/wp\/v2\/pages"}],"about":[{"href":"https:\/\/www.bernhard-neubauer.at\/index.php?rest_route=\/wp\/v2\/types\/page"}],"author":[{"embeddable":true,"href":"https:\/\/www.bernhard-neubauer.at\/index.php?rest_route=\/wp\/v2\/users\/1"}],"replies":[{"embeddable":true,"href":"https:\/\/www.bernhard-neubauer.at\/index.php?rest_route=%2Fwp%2Fv2%2Fcomments&post=3"}],"version-history":[{"count":3,"href":"https:\/\/www.bernhard-neubauer.at\/index.php?rest_route=\/wp\/v2\/pages\/3\/revisions"}],"predecessor-version":[{"id":129,"href":"https:\/\/www.bernhard-neubauer.at\/index.php?rest_route=\/wp\/v2\/pages\/3\/revisions\/129"}],"wp:attachment":[{"href":"https:\/\/www.bernhard-neubauer.at\/index.php?rest_route=%2Fwp%2Fv2%2Fmedia&parent=3"}],"curies":[{"name":"wp","href":"https:\/\/api.w.org\/{rel}","templated":true}]}}