{"id":64,"date":"2025-11-05T21:15:39","date_gmt":"2025-11-05T21:15:39","guid":{"rendered":"https:\/\/www.bernhard-neubauer.at\/?page_id=64"},"modified":"2025-11-05T22:42:44","modified_gmt":"2025-11-05T22:42:44","slug":"heilmassage","status":"publish","type":"page","link":"https:\/\/www.bernhard-neubauer.at\/?page_id=64","title":{"rendered":"Heilmassage"},"content":{"rendered":"\n<p class=\"has-text-align-left has-small-font-size\">Typische Indikationen f\u00fcr Heilmassage sind u.\u202fa.: muskul\u00e4re Verspannungen, R\u00fcckenschmerzen, Gelenkbeschwerden, Durchblutungsst\u00f6rungen, Rehabilitation nach Verletzungen oder Operationen, Stress- und Spannungskopfschmerzen sowie Haltungssch\u00e4den. Sie kann auch unterst\u00fctzend bei Bewegungseinschr\u00e4nkungen, Narbenbehandlung oder chronischen Muskelverh\u00e4rtungen eingesetzt werden.<\/p>\n\n\n\n<p><\/p>\n\n\n\n<p>Heilmassage kannst Du dir \u00e4rztlich verordnen lassen und bei der Krankenkasse zur Teilerstattung einreichen.<\/p>\n","protected":false},"excerpt":{"rendered":"<p>Typische Indikationen f\u00fcr Heilmassage sind u.\u202fa.: muskul\u00e4re Verspannungen, R\u00fcckenschmerzen, Gelenkbeschwerden, Durchblutungsst\u00f6rungen, Rehabilitation nach Verletzungen oder Operationen, Stress- und Spannungskopfschmerzen sowie Haltungssch\u00e4den. Sie kann auch unterst\u00fctzend bei Bewegungseinschr\u00e4nkungen, Narbenbehandlung oder chronischen Muskelverh\u00e4rtungen eingesetzt werden. Heilmassage kannst Du dir \u00e4rztlich verordnen lassen und bei der Krankenkasse zur Teilerstattung einreichen.<\/p>\n","protected":false},"author":1,"featured_media":0,"parent":0,"menu_order":0,"comment_status":"closed","ping_status":"closed","template":"","meta":{"_coblocks_attr":"","_coblocks_dimensions":"","_coblocks_responsive_height":"","_coblocks_accordion_ie_support":"","hide_page_title":"disabled","footnotes":""},"class_list":["post-64","page","type-page","status-publish","hentry"],"yoast_head":"<!-- This site is optimized with the Yoast SEO plugin v26.9 - https:\/\/yoast.com\/product\/yoast-seo-wordpress\/ -->\n<title>Heilmassage - Heilmassage | Qi Gong | Kampfkunst<\/title>\n<meta name=\"robots\" content=\"noindex, follow, max-snippet:-1, max-image-preview:large, max-video-preview:-1\" \/>\n<meta property=\"og:locale\" content=\"de_DE\" \/>\n<meta property=\"og:type\" content=\"article\" \/>\n<meta property=\"og:title\" content=\"Heilmassage - Heilmassage | Qi Gong | Kampfkunst\" \/>\n<meta property=\"og:description\" content=\"Typische Indikationen f\u00fcr Heilmassage sind u.\u202fa.: muskul\u00e4re Verspannungen, R\u00fcckenschmerzen, Gelenkbeschwerden, Durchblutungsst\u00f6rungen, Rehabilitation nach Verletzungen oder Operationen, Stress- und Spannungskopfschmerzen sowie Haltungssch\u00e4den. Sie kann auch unterst\u00fctzend bei Bewegungseinschr\u00e4nkungen, Narbenbehandlung oder chronischen Muskelverh\u00e4rtungen eingesetzt werden. Heilmassage kannst Du dir \u00e4rztlich verordnen lassen und bei der Krankenkasse zur Teilerstattung einreichen.\" \/>\n<meta property=\"og:url\" content=\"https:\/\/www.bernhard-neubauer.at\/?page_id=64\" \/>\n<meta property=\"og:site_name\" content=\"Heilmassage | Qi Gong | Kampfkunst\" \/>\n<meta property=\"article:modified_time\" content=\"2025-11-05T22:42:44+00:00\" \/>\n<meta name=\"twitter:card\" content=\"summary_large_image\" \/>\n<script type=\"application\/ld+json\" class=\"yoast-schema-graph\">{\"@context\":\"https:\/\/schema.org\",\"@graph\":[{\"@type\":\"WebPage\",\"@id\":\"https:\/\/www.bernhard-neubauer.at\/?page_id=64\",\"url\":\"https:\/\/www.bernhard-neubauer.at\/?page_id=64\",\"name\":\"Heilmassage - Heilmassage | Qi Gong | Kampfkunst\",\"isPartOf\":{\"@id\":\"https:\/\/www.bernhard-neubauer.at\/#website\"},\"datePublished\":\"2025-11-05T21:15:39+00:00\",\"dateModified\":\"2025-11-05T22:42:44+00:00\",\"breadcrumb\":{\"@id\":\"https:\/\/www.bernhard-neubauer.at\/?page_id=64#breadcrumb\"},\"inLanguage\":\"de\",\"potentialAction\":[{\"@type\":\"ReadAction\",\"target\":[\"https:\/\/www.bernhard-neubauer.at\/?page_id=64\"]}]},{\"@type\":\"BreadcrumbList\",\"@id\":\"https:\/\/www.bernhard-neubauer.at\/?page_id=64#breadcrumb\",\"itemListElement\":[{\"@type\":\"ListItem\",\"position\":1,\"name\":\"Home\",\"item\":\"https:\/\/www.bernhard-neubauer.at\/\"},{\"@type\":\"ListItem\",\"position\":2,\"name\":\"Heilmassage\"}]},{\"@type\":\"WebSite\",\"@id\":\"https:\/\/www.bernhard-neubauer.at\/#website\",\"url\":\"https:\/\/www.bernhard-neubauer.at\/\",\"name\":\"Bernhard Neubauer\",\"description\":\"Bernhard Neubauer\",\"publisher\":{\"@id\":\"https:\/\/www.bernhard-neubauer.at\/#\/schema\/person\/56dffa03ebb87c0e65354962b9f29c79\"},\"potentialAction\":[{\"@type\":\"SearchAction\",\"target\":{\"@type\":\"EntryPoint\",\"urlTemplate\":\"https:\/\/www.bernhard-neubauer.at\/?s={search_term_string}\"},\"query-input\":{\"@type\":\"PropertyValueSpecification\",\"valueRequired\":true,\"valueName\":\"search_term_string\"}}],\"inLanguage\":\"de\"},{\"@type\":[\"Person\",\"Organization\"],\"@id\":\"https:\/\/www.bernhard-neubauer.at\/#\/schema\/person\/56dffa03ebb87c0e65354962b9f29c79\",\"name\":\"admin\",\"image\":{\"@type\":\"ImageObject\",\"inLanguage\":\"de\",\"@id\":\"https:\/\/www.bernhard-neubauer.at\/#\/schema\/person\/image\/\",\"url\":\"https:\/\/secure.gravatar.com\/avatar\/e1c267620326390011353b183247cc787fb697dd225f330432b7f48832555d3a?s=96&d=mm&r=g\",\"contentUrl\":\"https:\/\/secure.gravatar.com\/avatar\/e1c267620326390011353b183247cc787fb697dd225f330432b7f48832555d3a?s=96&d=mm&r=g\",\"caption\":\"admin\"},\"logo\":{\"@id\":\"https:\/\/www.bernhard-neubauer.at\/#\/schema\/person\/image\/\"}}]}<\/script>\n<!-- \/ Yoast SEO plugin. -->","yoast_head_json":{"title":"Heilmassage - Heilmassage | Qi Gong | Kampfkunst","robots":{"index":"noindex","follow":"follow","max-snippet":"max-snippet:-1","max-image-preview":"max-image-preview:large","max-video-preview":"max-video-preview:-1"},"og_locale":"de_DE","og_type":"article","og_title":"Heilmassage - Heilmassage | Qi Gong | Kampfkunst","og_description":"Typische Indikationen f\u00fcr Heilmassage sind u.\u202fa.: muskul\u00e4re Verspannungen, R\u00fcckenschmerzen, Gelenkbeschwerden, Durchblutungsst\u00f6rungen, Rehabilitation nach Verletzungen oder Operationen, Stress- und Spannungskopfschmerzen sowie Haltungssch\u00e4den. Sie kann auch unterst\u00fctzend bei Bewegungseinschr\u00e4nkungen, Narbenbehandlung oder chronischen Muskelverh\u00e4rtungen eingesetzt werden. Heilmassage kannst Du dir \u00e4rztlich verordnen lassen und bei der Krankenkasse zur Teilerstattung einreichen.","og_url":"https:\/\/www.bernhard-neubauer.at\/?page_id=64","og_site_name":"Heilmassage | Qi Gong | Kampfkunst","article_modified_time":"2025-11-05T22:42:44+00:00","twitter_card":"summary_large_image","schema":{"@context":"https:\/\/schema.org","@graph":[{"@type":"WebPage","@id":"https:\/\/www.bernhard-neubauer.at\/?page_id=64","url":"https:\/\/www.bernhard-neubauer.at\/?page_id=64","name":"Heilmassage - Heilmassage | Qi Gong | Kampfkunst","isPartOf":{"@id":"https:\/\/www.bernhard-neubauer.at\/#website"},"datePublished":"2025-11-05T21:15:39+00:00","dateModified":"2025-11-05T22:42:44+00:00","breadcrumb":{"@id":"https:\/\/www.bernhard-neubauer.at\/?page_id=64#breadcrumb"},"inLanguage":"de","potentialAction":[{"@type":"ReadAction","target":["https:\/\/www.bernhard-neubauer.at\/?page_id=64"]}]},{"@type":"BreadcrumbList","@id":"https:\/\/www.bernhard-neubauer.at\/?page_id=64#breadcrumb","itemListElement":[{"@type":"ListItem","position":1,"name":"Home","item":"https:\/\/www.bernhard-neubauer.at\/"},{"@type":"ListItem","position":2,"name":"Heilmassage"}]},{"@type":"WebSite","@id":"https:\/\/www.bernhard-neubauer.at\/#website","url":"https:\/\/www.bernhard-neubauer.at\/","name":"Bernhard Neubauer","description":"Bernhard Neubauer","publisher":{"@id":"https:\/\/www.bernhard-neubauer.at\/#\/schema\/person\/56dffa03ebb87c0e65354962b9f29c79"},"potentialAction":[{"@type":"SearchAction","target":{"@type":"EntryPoint","urlTemplate":"https:\/\/www.bernhard-neubauer.at\/?s={search_term_string}"},"query-input":{"@type":"PropertyValueSpecification","valueRequired":true,"valueName":"search_term_string"}}],"inLanguage":"de"},{"@type":["Person","Organization"],"@id":"https:\/\/www.bernhard-neubauer.at\/#\/schema\/person\/56dffa03ebb87c0e65354962b9f29c79","name":"admin","image":{"@type":"ImageObject","inLanguage":"de","@id":"https:\/\/www.bernhard-neubauer.at\/#\/schema\/person\/image\/","url":"https:\/\/secure.gravatar.com\/avatar\/e1c267620326390011353b183247cc787fb697dd225f330432b7f48832555d3a?s=96&d=mm&r=g","contentUrl":"https:\/\/secure.gravatar.com\/avatar\/e1c267620326390011353b183247cc787fb697dd225f330432b7f48832555d3a?s=96&d=mm&r=g","caption":"admin"},"logo":{"@id":"https:\/\/www.bernhard-neubauer.at\/#\/schema\/person\/image\/"}}]}},"_links":{"self":[{"href":"https:\/\/www.bernhard-neubauer.at\/index.php?rest_route=\/wp\/v2\/pages\/64","targetHints":{"allow":["GET"]}}],"collection":[{"href":"https:\/\/www.bernhard-neubauer.at\/index.php?rest_route=\/wp\/v2\/pages"}],"about":[{"href":"https:\/\/www.bernhard-neubauer.at\/index.php?rest_route=\/wp\/v2\/types\/page"}],"author":[{"embeddable":true,"href":"https:\/\/www.bernhard-neubauer.at\/index.php?rest_route=\/wp\/v2\/users\/1"}],"replies":[{"embeddable":true,"href":"https:\/\/www.bernhard-neubauer.at\/index.php?rest_route=%2Fwp%2Fv2%2Fcomments&post=64"}],"version-history":[{"count":3,"href":"https:\/\/www.bernhard-neubauer.at\/index.php?rest_route=\/wp\/v2\/pages\/64\/revisions"}],"predecessor-version":[{"id":101,"href":"https:\/\/www.bernhard-neubauer.at\/index.php?rest_route=\/wp\/v2\/pages\/64\/revisions\/101"}],"wp:attachment":[{"href":"https:\/\/www.bernhard-neubauer.at\/index.php?rest_route=%2Fwp%2Fv2%2Fmedia&parent=64"}],"curies":[{"name":"wp","href":"https:\/\/api.w.org\/{rel}","templated":true}]}}