{"id":74,"date":"2025-11-05T21:22:31","date_gmt":"2025-11-05T21:22:31","guid":{"rendered":"https:\/\/www.bernhard-neubauer.at\/?page_id=74"},"modified":"2025-11-05T21:59:37","modified_gmt":"2025-11-05T21:59:37","slug":"qi-gong","status":"publish","type":"page","link":"https:\/\/www.bernhard-neubauer.at\/?page_id=74","title":{"rendered":"Qi Gong"},"content":{"rendered":"\n<p>Qigong ist die chinesische Form der Heilgymnastik und \u00fcber Jahrhunderte erprobt, dadurch ist es eine sehr sichere und effiziente Methode zur Gesundheitspflege. Durch entspannte, flie\u00dfende Bewegungen harmonisiert mit der Atmung und Vorstellungskraft wird der Energiefluss angeregt und die Gesundheit gest\u00e4rkt. Der Vorteil bei Qigong ist man braucht kein Equipment und kann quasi \u00fcberall \u00fcben, au\u00dferdem l\u00e4sst es sich bestens in den Alltag integrieren. <\/p>\n\n\n\n<p>Mein Schwerpunkt liegt auf Medizinischem- und Daoistischem Qigong.<\/p>\n","protected":false},"excerpt":{"rendered":"<p>Qigong ist die chinesische Form der Heilgymnastik und \u00fcber Jahrhunderte erprobt, dadurch ist es eine sehr sichere und effiziente Methode zur Gesundheitspflege. Durch entspannte, flie\u00dfende Bewegungen harmonisiert mit der Atmung und Vorstellungskraft wird der Energiefluss angeregt und die Gesundheit gest\u00e4rkt. Der Vorteil bei Qigong ist man braucht kein Equipment und kann quasi \u00fcberall \u00fcben, au\u00dferdem [&hellip;]<\/p>\n","protected":false},"author":1,"featured_media":0,"parent":0,"menu_order":0,"comment_status":"closed","ping_status":"closed","template":"","meta":{"_coblocks_attr":"","_coblocks_dimensions":"","_coblocks_responsive_height":"","_coblocks_accordion_ie_support":"","hide_page_title":"","footnotes":""},"class_list":["post-74","page","type-page","status-publish","hentry"],"yoast_head":"<!-- This site is optimized with the Yoast SEO plugin v26.9 - https:\/\/yoast.com\/product\/yoast-seo-wordpress\/ -->\n<title>Qi Gong - Heilmassage | Qi Gong | Kampfkunst<\/title>\n<meta name=\"robots\" content=\"noindex, follow, max-snippet:-1, max-image-preview:large, max-video-preview:-1\" \/>\n<meta property=\"og:locale\" content=\"de_DE\" \/>\n<meta property=\"og:type\" content=\"article\" \/>\n<meta property=\"og:title\" content=\"Qi Gong - Heilmassage | Qi Gong | Kampfkunst\" \/>\n<meta property=\"og:description\" content=\"Qigong ist die chinesische Form der Heilgymnastik und \u00fcber Jahrhunderte erprobt, dadurch ist es eine sehr sichere und effiziente Methode zur Gesundheitspflege. Durch entspannte, flie\u00dfende Bewegungen harmonisiert mit der Atmung und Vorstellungskraft wird der Energiefluss angeregt und die Gesundheit gest\u00e4rkt. Der Vorteil bei Qigong ist man braucht kein Equipment und kann quasi \u00fcberall \u00fcben, au\u00dferdem [&hellip;]\" \/>\n<meta property=\"og:url\" content=\"https:\/\/www.bernhard-neubauer.at\/?page_id=74\" \/>\n<meta property=\"og:site_name\" content=\"Heilmassage | Qi Gong | Kampfkunst\" \/>\n<meta property=\"article:modified_time\" content=\"2025-11-05T21:59:37+00:00\" \/>\n<meta name=\"twitter:card\" content=\"summary_large_image\" \/>\n<script type=\"application\/ld+json\" class=\"yoast-schema-graph\">{\"@context\":\"https:\/\/schema.org\",\"@graph\":[{\"@type\":\"WebPage\",\"@id\":\"https:\/\/www.bernhard-neubauer.at\/?page_id=74\",\"url\":\"https:\/\/www.bernhard-neubauer.at\/?page_id=74\",\"name\":\"Qi Gong - Heilmassage | Qi Gong | Kampfkunst\",\"isPartOf\":{\"@id\":\"https:\/\/www.bernhard-neubauer.at\/#website\"},\"datePublished\":\"2025-11-05T21:22:31+00:00\",\"dateModified\":\"2025-11-05T21:59:37+00:00\",\"breadcrumb\":{\"@id\":\"https:\/\/www.bernhard-neubauer.at\/?page_id=74#breadcrumb\"},\"inLanguage\":\"de\",\"potentialAction\":[{\"@type\":\"ReadAction\",\"target\":[\"https:\/\/www.bernhard-neubauer.at\/?page_id=74\"]}]},{\"@type\":\"BreadcrumbList\",\"@id\":\"https:\/\/www.bernhard-neubauer.at\/?page_id=74#breadcrumb\",\"itemListElement\":[{\"@type\":\"ListItem\",\"position\":1,\"name\":\"Home\",\"item\":\"https:\/\/www.bernhard-neubauer.at\/\"},{\"@type\":\"ListItem\",\"position\":2,\"name\":\"Qi Gong\"}]},{\"@type\":\"WebSite\",\"@id\":\"https:\/\/www.bernhard-neubauer.at\/#website\",\"url\":\"https:\/\/www.bernhard-neubauer.at\/\",\"name\":\"Bernhard Neubauer\",\"description\":\"Bernhard Neubauer\",\"publisher\":{\"@id\":\"https:\/\/www.bernhard-neubauer.at\/#\/schema\/person\/56dffa03ebb87c0e65354962b9f29c79\"},\"potentialAction\":[{\"@type\":\"SearchAction\",\"target\":{\"@type\":\"EntryPoint\",\"urlTemplate\":\"https:\/\/www.bernhard-neubauer.at\/?s={search_term_string}\"},\"query-input\":{\"@type\":\"PropertyValueSpecification\",\"valueRequired\":true,\"valueName\":\"search_term_string\"}}],\"inLanguage\":\"de\"},{\"@type\":[\"Person\",\"Organization\"],\"@id\":\"https:\/\/www.bernhard-neubauer.at\/#\/schema\/person\/56dffa03ebb87c0e65354962b9f29c79\",\"name\":\"admin\",\"image\":{\"@type\":\"ImageObject\",\"inLanguage\":\"de\",\"@id\":\"https:\/\/www.bernhard-neubauer.at\/#\/schema\/person\/image\/\",\"url\":\"https:\/\/secure.gravatar.com\/avatar\/e1c267620326390011353b183247cc787fb697dd225f330432b7f48832555d3a?s=96&d=mm&r=g\",\"contentUrl\":\"https:\/\/secure.gravatar.com\/avatar\/e1c267620326390011353b183247cc787fb697dd225f330432b7f48832555d3a?s=96&d=mm&r=g\",\"caption\":\"admin\"},\"logo\":{\"@id\":\"https:\/\/www.bernhard-neubauer.at\/#\/schema\/person\/image\/\"}}]}<\/script>\n<!-- \/ Yoast SEO plugin. -->","yoast_head_json":{"title":"Qi Gong - Heilmassage | Qi Gong | Kampfkunst","robots":{"index":"noindex","follow":"follow","max-snippet":"max-snippet:-1","max-image-preview":"max-image-preview:large","max-video-preview":"max-video-preview:-1"},"og_locale":"de_DE","og_type":"article","og_title":"Qi Gong - Heilmassage | Qi Gong | Kampfkunst","og_description":"Qigong ist die chinesische Form der Heilgymnastik und \u00fcber Jahrhunderte erprobt, dadurch ist es eine sehr sichere und effiziente Methode zur Gesundheitspflege. Durch entspannte, flie\u00dfende Bewegungen harmonisiert mit der Atmung und Vorstellungskraft wird der Energiefluss angeregt und die Gesundheit gest\u00e4rkt. Der Vorteil bei Qigong ist man braucht kein Equipment und kann quasi \u00fcberall \u00fcben, au\u00dferdem [&hellip;]","og_url":"https:\/\/www.bernhard-neubauer.at\/?page_id=74","og_site_name":"Heilmassage | Qi Gong | Kampfkunst","article_modified_time":"2025-11-05T21:59:37+00:00","twitter_card":"summary_large_image","schema":{"@context":"https:\/\/schema.org","@graph":[{"@type":"WebPage","@id":"https:\/\/www.bernhard-neubauer.at\/?page_id=74","url":"https:\/\/www.bernhard-neubauer.at\/?page_id=74","name":"Qi Gong - Heilmassage | Qi Gong | Kampfkunst","isPartOf":{"@id":"https:\/\/www.bernhard-neubauer.at\/#website"},"datePublished":"2025-11-05T21:22:31+00:00","dateModified":"2025-11-05T21:59:37+00:00","breadcrumb":{"@id":"https:\/\/www.bernhard-neubauer.at\/?page_id=74#breadcrumb"},"inLanguage":"de","potentialAction":[{"@type":"ReadAction","target":["https:\/\/www.bernhard-neubauer.at\/?page_id=74"]}]},{"@type":"BreadcrumbList","@id":"https:\/\/www.bernhard-neubauer.at\/?page_id=74#breadcrumb","itemListElement":[{"@type":"ListItem","position":1,"name":"Home","item":"https:\/\/www.bernhard-neubauer.at\/"},{"@type":"ListItem","position":2,"name":"Qi Gong"}]},{"@type":"WebSite","@id":"https:\/\/www.bernhard-neubauer.at\/#website","url":"https:\/\/www.bernhard-neubauer.at\/","name":"Bernhard Neubauer","description":"Bernhard Neubauer","publisher":{"@id":"https:\/\/www.bernhard-neubauer.at\/#\/schema\/person\/56dffa03ebb87c0e65354962b9f29c79"},"potentialAction":[{"@type":"SearchAction","target":{"@type":"EntryPoint","urlTemplate":"https:\/\/www.bernhard-neubauer.at\/?s={search_term_string}"},"query-input":{"@type":"PropertyValueSpecification","valueRequired":true,"valueName":"search_term_string"}}],"inLanguage":"de"},{"@type":["Person","Organization"],"@id":"https:\/\/www.bernhard-neubauer.at\/#\/schema\/person\/56dffa03ebb87c0e65354962b9f29c79","name":"admin","image":{"@type":"ImageObject","inLanguage":"de","@id":"https:\/\/www.bernhard-neubauer.at\/#\/schema\/person\/image\/","url":"https:\/\/secure.gravatar.com\/avatar\/e1c267620326390011353b183247cc787fb697dd225f330432b7f48832555d3a?s=96&d=mm&r=g","contentUrl":"https:\/\/secure.gravatar.com\/avatar\/e1c267620326390011353b183247cc787fb697dd225f330432b7f48832555d3a?s=96&d=mm&r=g","caption":"admin"},"logo":{"@id":"https:\/\/www.bernhard-neubauer.at\/#\/schema\/person\/image\/"}}]}},"_links":{"self":[{"href":"https:\/\/www.bernhard-neubauer.at\/index.php?rest_route=\/wp\/v2\/pages\/74","targetHints":{"allow":["GET"]}}],"collection":[{"href":"https:\/\/www.bernhard-neubauer.at\/index.php?rest_route=\/wp\/v2\/pages"}],"about":[{"href":"https:\/\/www.bernhard-neubauer.at\/index.php?rest_route=\/wp\/v2\/types\/page"}],"author":[{"embeddable":true,"href":"https:\/\/www.bernhard-neubauer.at\/index.php?rest_route=\/wp\/v2\/users\/1"}],"replies":[{"embeddable":true,"href":"https:\/\/www.bernhard-neubauer.at\/index.php?rest_route=%2Fwp%2Fv2%2Fcomments&post=74"}],"version-history":[{"count":2,"href":"https:\/\/www.bernhard-neubauer.at\/index.php?rest_route=\/wp\/v2\/pages\/74\/revisions"}],"predecessor-version":[{"id":83,"href":"https:\/\/www.bernhard-neubauer.at\/index.php?rest_route=\/wp\/v2\/pages\/74\/revisions\/83"}],"wp:attachment":[{"href":"https:\/\/www.bernhard-neubauer.at\/index.php?rest_route=%2Fwp%2Fv2%2Fmedia&parent=74"}],"curies":[{"name":"wp","href":"https:\/\/api.w.org\/{rel}","templated":true}]}}